{"id":31393,"date":"2024-12-10T12:00:36","date_gmt":"2024-12-10T11:00:36","guid":{"rendered":"https:\/\/silviafernandez.com\/?post_type=product&#038;p=31393"},"modified":"2025-12-03T12:56:12","modified_gmt":"2025-12-03T11:56:12","slug":"bembibre","status":"publish","type":"product","link":"https:\/\/silviafernandez.com\/en\/vestidos-de-fiesta\/musas-fiesta\/bembibre\/","title":{"rendered":"BEMBIBRE"},"content":{"rendered":"","protected":false},"excerpt":{"rendered":"<p>Vestido largo en crepe y gasa que har\u00e1 que te sientas \u00fanica en cualquier evento especial. Disponible en colores vibrantes, es la elecci\u00f3n ideal para mujeres que buscan destacar con una prenda vers\u00e1til y llena de car\u00e1cter.<\/p>\n<div dir=\"ltr\">\n<div>\n<p>Su dise\u00f1o minimalista y atemporal destaca por su escote en V delantero y trasero, su fluidez y detalles cuidadosamente elaborados, como las mangas francesas, que brindan una silueta con un ajuste perfecto. La capa de gasa, ligera y vaporosa, crea un efecto visual din\u00e1mico que transforma cada movimiento en pura magia.<\/p>\n<\/div>\n<\/div>","protected":false},"featured_media":32488,"template":"","meta":[],"product_brand":[],"product_cat":[1633,139],"product_tag":[],"class_list":{"0":"post-31393","1":"product","2":"type-product","3":"status-publish","4":"has-post-thumbnail","6":"product_cat-musas-fiesta","7":"product_cat-vestidos-de-fiesta","9":"first","10":"instock","11":"taxable","12":"shipping-taxable","13":"purchasable","14":"product-type-variable"},"_links":{"self":[{"href":"https:\/\/silviafernandez.com\/en\/wp-json\/wp\/v2\/product\/31393","targetHints":{"allow":["GET"]}}],"collection":[{"href":"https:\/\/silviafernandez.com\/en\/wp-json\/wp\/v2\/product"}],"about":[{"href":"https:\/\/silviafernandez.com\/en\/wp-json\/wp\/v2\/types\/product"}],"wp:featuredmedia":[{"embeddable":true,"href":"https:\/\/silviafernandez.com\/en\/wp-json\/wp\/v2\/media\/32488"}],"wp:attachment":[{"href":"https:\/\/silviafernandez.com\/en\/wp-json\/wp\/v2\/media?parent=31393"}],"wp:term":[{"taxonomy":"product_brand","embeddable":true,"href":"https:\/\/silviafernandez.com\/en\/wp-json\/wp\/v2\/product_brand?post=31393"},{"taxonomy":"product_cat","embeddable":true,"href":"https:\/\/silviafernandez.com\/en\/wp-json\/wp\/v2\/product_cat?post=31393"},{"taxonomy":"product_tag","embeddable":true,"href":"https:\/\/silviafernandez.com\/en\/wp-json\/wp\/v2\/product_tag?post=31393"}],"curies":[{"name":"wp","href":"https:\/\/api.w.org\/{rel}","templated":true}]}}