{"id":31392,"date":"2024-12-10T12:00:36","date_gmt":"2024-12-10T11:00:36","guid":{"rendered":"https:\/\/silviafernandez.com\/?post_type=product&#038;p=31392"},"modified":"2025-12-03T12:56:12","modified_gmt":"2025-12-03T11:56:12","slug":"belinda","status":"publish","type":"product","link":"https:\/\/silviafernandez.com\/en\/vestidos-de-fiesta\/musas-fiesta\/belinda\/","title":{"rendered":"BELINDA"},"content":{"rendered":"","protected":false},"excerpt":{"rendered":"<p>Vestido midi en crepe y gasa, la opci\u00f3n ideal para quienes buscan un dise\u00f1o sofisticado con un toque distintivo. El corte asim\u00e9trico y la fluidez de la gasa convierten al dise\u00f1o en una pieza llena de personalidad. Las mangas francesas y el corte midi lo hacen perfecto para bodas de d\u00eda o eventos especiales.<\/p>\n<div dir=\"ltr\">\n<div>\n<p>La mezcla de tejidos aporta movimiento y ligereza al dise\u00f1o, el cual destaca por su espalda cerrada y cuello tipo barco acabado con un detalle en el hombro con una cuidada aplicaci\u00f3n floral que aporta un toque de exclusividad.<\/p>\n<\/div>\n<\/div>","protected":false},"featured_media":32456,"template":"","meta":[],"product_brand":[],"product_cat":[1633,139],"product_tag":[],"class_list":{"0":"post-31392","1":"product","2":"type-product","3":"status-publish","4":"has-post-thumbnail","6":"product_cat-musas-fiesta","7":"product_cat-vestidos-de-fiesta","9":"first","10":"instock","11":"taxable","12":"shipping-taxable","13":"purchasable","14":"product-type-variable"},"_links":{"self":[{"href":"https:\/\/silviafernandez.com\/en\/wp-json\/wp\/v2\/product\/31392","targetHints":{"allow":["GET"]}}],"collection":[{"href":"https:\/\/silviafernandez.com\/en\/wp-json\/wp\/v2\/product"}],"about":[{"href":"https:\/\/silviafernandez.com\/en\/wp-json\/wp\/v2\/types\/product"}],"wp:featuredmedia":[{"embeddable":true,"href":"https:\/\/silviafernandez.com\/en\/wp-json\/wp\/v2\/media\/32456"}],"wp:attachment":[{"href":"https:\/\/silviafernandez.com\/en\/wp-json\/wp\/v2\/media?parent=31392"}],"wp:term":[{"taxonomy":"product_brand","embeddable":true,"href":"https:\/\/silviafernandez.com\/en\/wp-json\/wp\/v2\/product_brand?post=31392"},{"taxonomy":"product_cat","embeddable":true,"href":"https:\/\/silviafernandez.com\/en\/wp-json\/wp\/v2\/product_cat?post=31392"},{"taxonomy":"product_tag","embeddable":true,"href":"https:\/\/silviafernandez.com\/en\/wp-json\/wp\/v2\/product_tag?post=31392"}],"curies":[{"name":"wp","href":"https:\/\/api.w.org\/{rel}","templated":true}]}}