{"id":31389,"date":"2024-12-10T12:00:35","date_gmt":"2024-12-10T11:00:35","guid":{"rendered":"https:\/\/silviafernandez.com\/?post_type=product&#038;p=31389"},"modified":"2025-12-03T12:56:12","modified_gmt":"2025-12-03T11:56:12","slug":"barbosa","status":"publish","type":"product","link":"https:\/\/silviafernandez.com\/en\/vestidos-de-fiesta\/musas-fiesta\/barbosa\/","title":{"rendered":"BARBOSA"},"content":{"rendered":"","protected":false},"excerpt":{"rendered":"<p>Vestido largo en crepe que combina modernidad y feminidad en cada detalle. Su cuerpo con bordado floral realza la parte superior aportando un toque rom\u00e1ntico, mientras que, el dise\u00f1o cut out en la espalda a\u00f1ade un aire atrevido.<\/p>\n<div dir=\"ltr\">\n<div>\n<p>Un detalle \u00fanico es el escote halter que estiliza los hombros y el cuello y cae de forma fluida hacia la espalda descubierta que completa el dise\u00f1o con un cierre de botones. Con este conjunto, lucir\u00e1s glamour y estilo en una sola pieza.<\/p>\n<\/div>\n<\/div>","protected":false},"featured_media":32541,"template":"","meta":[],"product_brand":[],"product_cat":[1633,139],"product_tag":[],"class_list":{"0":"post-31389","1":"product","2":"type-product","3":"status-publish","4":"has-post-thumbnail","6":"product_cat-musas-fiesta","7":"product_cat-vestidos-de-fiesta","9":"first","10":"instock","11":"taxable","12":"shipping-taxable","13":"purchasable","14":"product-type-variable"},"_links":{"self":[{"href":"https:\/\/silviafernandez.com\/en\/wp-json\/wp\/v2\/product\/31389","targetHints":{"allow":["GET"]}}],"collection":[{"href":"https:\/\/silviafernandez.com\/en\/wp-json\/wp\/v2\/product"}],"about":[{"href":"https:\/\/silviafernandez.com\/en\/wp-json\/wp\/v2\/types\/product"}],"wp:featuredmedia":[{"embeddable":true,"href":"https:\/\/silviafernandez.com\/en\/wp-json\/wp\/v2\/media\/32541"}],"wp:attachment":[{"href":"https:\/\/silviafernandez.com\/en\/wp-json\/wp\/v2\/media?parent=31389"}],"wp:term":[{"taxonomy":"product_brand","embeddable":true,"href":"https:\/\/silviafernandez.com\/en\/wp-json\/wp\/v2\/product_brand?post=31389"},{"taxonomy":"product_cat","embeddable":true,"href":"https:\/\/silviafernandez.com\/en\/wp-json\/wp\/v2\/product_cat?post=31389"},{"taxonomy":"product_tag","embeddable":true,"href":"https:\/\/silviafernandez.com\/en\/wp-json\/wp\/v2\/product_tag?post=31389"}],"curies":[{"name":"wp","href":"https:\/\/api.w.org\/{rel}","templated":true}]}}