{"id":37623,"date":"2025-11-20T13:26:09","date_gmt":"2025-11-20T12:26:09","guid":{"rendered":"https:\/\/silviafernandez.com\/?page_id=37623"},"modified":"2025-11-20T13:38:49","modified_gmt":"2025-11-20T12:38:49","slug":"reserva-cita-lazos-fiesta","status":"publish","type":"page","link":"https:\/\/silviafernandez.com\/en\/reserva-cita-lazos-fiesta\/","title":{"rendered":"Reserva cita Lazos &#8211; FIESTA"},"content":{"rendered":"\t\t<div data-elementor-type=\"wp-page\" data-elementor-id=\"37623\" class=\"elementor elementor-37623\" data-elementor-post-type=\"page\">\n\t\t\t\t<div class=\"elementor-element elementor-element-3bb98d1 e-flex e-con-boxed e-con e-parent\" data-id=\"3bb98d1\" data-element_type=\"container\" data-e-type=\"container\" data-settings=\"{&quot;jet_parallax_layout_list&quot;:[]}\">\n\t\t\t\t\t<div class=\"e-con-inner\">\n\t\t<div class=\"elementor-element elementor-element-31ac674 e-con-full e-flex e-con e-child\" data-id=\"31ac674\" data-element_type=\"container\" data-e-type=\"container\" data-settings=\"{&quot;jet_parallax_layout_list&quot;:[]}\">\n\t\t\t\t<div class=\"elementor-element elementor-element-115e2be elementor-widget-mobile__width-initial elementor-widget elementor-widget-heading\" data-id=\"115e2be\" data-element_type=\"widget\" data-e-type=\"widget\" data-widget_type=\"heading.default\">\n\t\t\t\t\t<div class=\"elementor-heading-title elementor-size-default\">LAZOS<\/div>\t\t\t\t<\/div>\n\t\t\t\t<div class=\"elementor-element elementor-element-6f94825 novia2026 elementor-widget elementor-widget-heading\" data-id=\"6f94825\" data-element_type=\"widget\" data-e-type=\"widget\" data-widget_type=\"heading.default\">\n\t\t\t\t\t<h1 class=\"elementor-heading-title elementor-size-default\"><strong>Nueva colecci\u00f3n<\/strong> fiesta 2026<\/h1>\t\t\t\t<\/div>\n\t\t\t\t<div class=\"elementor-element elementor-element-ea101bd elementor-widget elementor-widget-text-editor\" data-id=\"ea101bd\" data-element_type=\"widget\" data-e-type=\"widget\" data-widget_type=\"text-editor.default\">\n\t\t\t\t\t\t\t\t\t<p><em>Un homenaje a la conexi\u00f3n real entre nuestra firma y cada invitada. Una colecci\u00f3n pensada para quienes buscan algo m\u00e1s que un vestido: una pieza que refleje su personalidad y acompa\u00f1e con fuerza un d\u00eda especial. <\/em><\/p><p><em>Siluetas depuradas y elegantes conviven con vol\u00famenes sutiles, drapeados, lazadas, capas ligeras y detalles joya o pluma que aportan car\u00e1cter sin perder la armon\u00eda. El resultado: una propuesta de fiesta sofisticada, contempor\u00e1nea y artesanal, creada para que te sientas \u00fanica, c\u00f3moda y absolutamente t\u00fa.<\/em><\/p>\t\t\t\t\t\t\t\t<\/div>\n\t\t\t\t<div class=\"elementor-element elementor-element-d88ebf0 elementor-widget elementor-widget-heading\" data-id=\"d88ebf0\" data-element_type=\"widget\" data-e-type=\"widget\" data-widget_type=\"heading.default\">\n\t\t\t\t\t<div class=\"elementor-heading-title elementor-size-default\">TE ACOMPA\u00d1AMOS EN TODO EL PROCESO PARA QUE DISFRUTES CADA PASO. <br>RESERVA AHORA TU CITA.<\/div>\t\t\t\t<\/div>\n\t\t\t\t<div class=\"elementor-element elementor-element-ce6d1de elementor-hidden-desktop elementor-arrows-position-inside elementor-widget elementor-widget-image-carousel\" data-id=\"ce6d1de\" data-element_type=\"widget\" data-e-type=\"widget\" data-settings=\"{&quot;slides_to_show&quot;:&quot;1&quot;,&quot;navigation&quot;:&quot;arrows&quot;,&quot;autoplay&quot;:&quot;yes&quot;,&quot;pause_on_hover&quot;:&quot;yes&quot;,&quot;pause_on_interaction&quot;:&quot;yes&quot;,&quot;autoplay_speed&quot;:5000,&quot;infinite&quot;:&quot;yes&quot;,&quot;effect&quot;:&quot;slide&quot;,&quot;speed&quot;:500}\" data-widget_type=\"image-carousel.default\">\n\t\t\t\t\t\t\t<div class=\"elementor-image-carousel-wrapper swiper\" role=\"region\" aria-roledescription=\"carousel\" aria-label=\"Carrusel de im\u00e1genes\" dir=\"ltr\">\n\t\t\t<div class=\"elementor-image-carousel swiper-wrapper swiper-image-stretch\" aria-live=\"off\">\n\t\t\t\t\t\t\t\t<div class=\"swiper-slide\" role=\"group\" aria-roledescription=\"slide\" aria-label=\"1 de 6\"><figure class=\"swiper-slide-inner\"><img decoding=\"async\" class=\"swiper-slide-image\" src=\"https:\/\/silviafernandez.com\/wp-content\/uploads\/2025\/11\/SILVIA-FERNANDEZ-INVITADA_19-NAZARET_12036-900x1200.webp\" alt=\"SILVIA FERNANDEZ INVITADA_19- NAZARET_12036\" \/><\/figure><\/div><div class=\"swiper-slide\" role=\"group\" aria-roledescription=\"slide\" aria-label=\"2 de 6\"><figure class=\"swiper-slide-inner\"><img decoding=\"async\" class=\"swiper-slide-image\" src=\"https:\/\/silviafernandez.com\/wp-content\/uploads\/2025\/11\/SILVIA-FERNANDEZ-INVITADA_2-NOELIA_10044-1-900x1200.webp\" alt=\"SILVIA FERNANDEZ INVITADA_2- NOELIA_10044\" \/><\/figure><\/div><div class=\"swiper-slide\" role=\"group\" aria-roledescription=\"slide\" aria-label=\"3 de 6\"><figure class=\"swiper-slide-inner\"><img decoding=\"async\" class=\"swiper-slide-image\" src=\"https:\/\/silviafernandez.com\/wp-content\/uploads\/2025\/11\/SILVIA-FERNANDEZ-INVITADA_1-NIZA_9929-1-900x1200.webp\" alt=\"SILVIA FERNANDEZ INVITADA_1- NIZA_9929\" \/><\/figure><\/div><div class=\"swiper-slide\" role=\"group\" aria-roledescription=\"slide\" aria-label=\"4 de 6\"><figure class=\"swiper-slide-inner\"><img decoding=\"async\" class=\"swiper-slide-image\" src=\"https:\/\/silviafernandez.com\/wp-content\/uploads\/2025\/11\/SILVIA-FERNANDEZ-INVITADA_2025_15804_6-NOEMI-1-900x1200.webp\" alt=\"SILVIA FERNANDEZ INVITADA_2025_15804_6- NOEMI\" \/><\/figure><\/div><div class=\"swiper-slide\" role=\"group\" aria-roledescription=\"slide\" aria-label=\"5 de 6\"><figure class=\"swiper-slide-inner\"><img decoding=\"async\" class=\"swiper-slide-image\" src=\"https:\/\/silviafernandez.com\/wp-content\/uploads\/2025\/11\/SILVIA-FERNANDEZ-INVITADA_3-NELDA_10288-1-900x1200.webp\" alt=\"SILVIA FERNANDEZ INVITADA_3- NELDA_10288\" \/><\/figure><\/div><div class=\"swiper-slide\" role=\"group\" aria-roledescription=\"slide\" aria-label=\"6 de 6\"><figure class=\"swiper-slide-inner\"><img decoding=\"async\" class=\"swiper-slide-image\" src=\"https:\/\/silviafernandez.com\/wp-content\/uploads\/2025\/11\/SILVIA-FERNANDEZ-INVITADA_23-NINETTE_12576-900x1200.webp\" alt=\"SILVIA FERNANDEZ INVITADA_23- NINETTE_12576\" \/><\/figure><\/div>\t\t\t<\/div>\n\t\t\t\t\t\t\t\t\t\t\t\t<div class=\"elementor-swiper-button elementor-swiper-button-prev\" role=\"button\" tabindex=\"0\">\n\t\t\t\t\t\t<svg xmlns=\"http:\/\/www.w3.org\/2000\/svg\" xmlns:xlink=\"http:\/\/www.w3.org\/1999\/xlink\" id=\"Layer_1\" x=\"0px\" y=\"0px\" viewBox=\"0 0 511.991 511.991\" style=\"enable-background:new 0 0 511.991 511.991;\" xml:space=\"preserve\"><g>\t<g>\t\t<path d=\"M153.433,255.991L381.037,18.033c4.063-4.26,3.917-11.01-0.333-15.083c-4.229-4.073-10.979-3.896-15.083,0.333    L130.954,248.616c-3.937,4.125-3.937,10.625,0,14.75L365.621,508.7c2.104,2.188,4.896,3.292,7.708,3.292    c2.646,0,5.313-0.979,7.375-2.958c4.25-4.073,4.396-10.823,0.333-15.083L153.433,255.991z\"><\/path>\t<\/g><\/g><g><\/g><g><\/g><g><\/g><g><\/g><g><\/g><g><\/g><g><\/g><g><\/g><g><\/g><g><\/g><g><\/g><g><\/g><g><\/g><g><\/g><g><\/g><\/svg>\t\t\t\t\t<\/div>\n\t\t\t\t\t<div class=\"elementor-swiper-button elementor-swiper-button-next\" role=\"button\" tabindex=\"0\">\n\t\t\t\t\t\t<svg xmlns=\"http:\/\/www.w3.org\/2000\/svg\" xmlns:xlink=\"http:\/\/www.w3.org\/1999\/xlink\" id=\"Layer_1\" x=\"0px\" y=\"0px\" viewBox=\"0 0 511.995 511.995\" style=\"enable-background:new 0 0 511.995 511.995;\" xml:space=\"preserve\"><g>\t<g>\t\t<path d=\"M381.039,248.62L146.373,3.287c-4.083-4.229-10.833-4.417-15.083-0.333c-4.25,4.073-4.396,10.823-0.333,15.083    L358.56,255.995L130.956,493.954c-4.063,4.26-3.917,11.01,0.333,15.083c2.063,1.979,4.729,2.958,7.375,2.958    c2.813,0,5.604-1.104,7.708-3.292L381.039,263.37C384.977,259.245,384.977,252.745,381.039,248.62z\"><\/path>\t<\/g><\/g><g><\/g><g><\/g><g><\/g><g><\/g><g><\/g><g><\/g><g><\/g><g><\/g><g><\/g><g><\/g><g><\/g><g><\/g><g><\/g><g><\/g><g><\/g><\/svg>\t\t\t\t\t<\/div>\n\t\t\t\t\n\t\t\t\t\t\t\t\t\t<\/div>\n\t\t\t\t\t\t<\/div>\n\t\t\t\t<div class=\"elementor-element elementor-element-2479765 elementor-widget elementor-widget-template\" data-id=\"2479765\" data-element_type=\"widget\" data-e-type=\"widget\" data-widget_type=\"template.default\">\n\t\t\t\t<div class=\"elementor-widget-container\">\n\t\t\t\t\t\t\t<div class=\"elementor-template\">\n\t\t\t\t\t<div data-elementor-type=\"container\" data-elementor-id=\"29984\" class=\"elementor elementor-29984\" data-elementor-post-type=\"elementor_library\">\n\t\t\t\t<div class=\"elementor-element elementor-element-4a843816 e-flex e-con-boxed e-con e-parent\" data-id=\"4a843816\" data-element_type=\"container\" data-e-type=\"container\" data-settings=\"{&quot;jet_parallax_layout_list&quot;:[]}\">\n\t\t\t\t\t<div class=\"e-con-inner\">\n\t\t\t\t<div class=\"elementor-element elementor-element-777e550 elementor-widget elementor-widget-heading\" data-id=\"777e550\" data-element_type=\"widget\" data-e-type=\"widget\" data-widget_type=\"heading.default\">\n\t\t\t\t\t<div class=\"elementor-heading-title elementor-size-default\">Reserva de Cita<\/div>\t\t\t\t<\/div>\n\t\t\t\t<div class=\"elementor-element elementor-element-29645f16 elementor-button-align-center elementor-widget elementor-widget-form\" data-id=\"29645f16\" data-element_type=\"widget\" data-e-type=\"widget\" data-settings=\"{&quot;step_next_label&quot;:&quot;Siguiente&quot;,&quot;step_previous_label&quot;:&quot;Anterior&quot;,&quot;button_width&quot;:&quot;100&quot;,&quot;step_type&quot;:&quot;number_text&quot;,&quot;step_icon_shape&quot;:&quot;circle&quot;}\" data-widget_type=\"form.default\">\n\t\t\t\t\t\t\t<form class=\"elementor-form\" method=\"post\" name=\"Formulario Citas whastapp\" aria-label=\"Formulario Citas whastapp\" novalidate=\"\">\n\t\t\t<input type=\"hidden\" name=\"post_id\" value=\"29984\"\/>\n\t\t\t<input type=\"hidden\" name=\"form_id\" value=\"29645f16\"\/>\n\t\t\t<input type=\"hidden\" name=\"referer_title\" value=\"Reserva cita - Silvia Fernandez\" \/>\n\n\t\t\t\t\t\t\t<input type=\"hidden\" name=\"queried_id\" value=\"9878\"\/>\n\t\t\t\n\t\t\t<div class=\"elementor-form-fields-wrapper elementor-labels-above\">\n\t\t\t\t\t\t\t\t<div class=\"elementor-field-type-text elementor-field-group elementor-column elementor-field-group-nombre elementor-col-100 elementor-field-required\">\n\t\t\t\t\t\t\t\t\t\t\t\t<label for=\"form-field-nombre\" class=\"elementor-field-label\">\n\t\t\t\t\t\t\t\tNombre\t\t\t\t\t\t\t<\/label>\n\t\t\t\t\t\t\t\t\t\t\t\t\t\t<input size=\"1\" type=\"text\" name=\"form_fields[nombre]\" id=\"form-field-nombre\" class=\"elementor-field elementor-size-sm  elementor-field-textual\" required=\"required\">\n\t\t\t\t\t\t\t\t\t\t\t<\/div>\n\t\t\t\t\t\t\t\t<div class=\"elementor-field-type-text elementor-field-group elementor-column elementor-field-group-apellido elementor-col-100 elementor-field-required\">\n\t\t\t\t\t\t\t\t\t\t\t\t<label for=\"form-field-apellido\" class=\"elementor-field-label\">\n\t\t\t\t\t\t\t\tApellidos\t\t\t\t\t\t\t<\/label>\n\t\t\t\t\t\t\t\t\t\t\t\t\t\t<input size=\"1\" type=\"text\" name=\"form_fields[apellido]\" id=\"form-field-apellido\" class=\"elementor-field elementor-size-sm  elementor-field-textual\" required=\"required\">\n\t\t\t\t\t\t\t\t\t\t\t<\/div>\n\t\t\t\t\t\t\t\t<div class=\"elementor-field-type-telephone elementor-field-group elementor-column elementor-field-group-phone elementor-col-100 elementor-field-required\">\n\t\t\t\t\t\t\t\t\t\t\t\t<label for=\"form-field-phone\" class=\"elementor-field-label\">\n\t\t\t\t\t\t\t\tTel\u00e9fono\t\t\t\t\t\t\t<\/label>\n\t\t\t\t\t\t\t\t<input dir=\"ltr\" type=\"text\" name=\"change_name_phone\" id=\"form-field-phone\" class=\"elementor-field elementor-size-sm  elementor-field-telephone elementor-field-textual yee-ltr\" required=\"required\" data-pre=\"es\" data-excludeCountries=\"\" data-onlyct=\"\" data-defcountry=\"es\" data-hide_flag=\"yes\" data-hide_code=\"\" data-validation=\"yes\" data-name=\"phone\" data-telephone_search=\"\" >\n\t\t<input onkeydown=\"return \/[0-9]|\\(|\\)|\\+|-|BACKSPACE\/i.test(event.key)\" type=\"hidden\" class=\"phone_check\" name=\"form_fields[phone_check]\" value=\"\" >\n\t\t\t\t\t\t<\/div>\n\t\t\t\t\t\t\t\t<div class=\"elementor-field-type-email elementor-field-group elementor-column elementor-field-group-email elementor-col-100 elementor-field-required\">\n\t\t\t\t\t\t\t\t\t\t\t\t<label for=\"form-field-email\" class=\"elementor-field-label\">\n\t\t\t\t\t\t\t\tEmail\t\t\t\t\t\t\t<\/label>\n\t\t\t\t\t\t\t\t\t\t\t\t\t\t<input size=\"1\" type=\"email\" name=\"form_fields[email]\" id=\"form-field-email\" class=\"elementor-field elementor-size-sm  elementor-field-textual\" required=\"required\">\n\t\t\t\t\t\t\t\t\t\t\t<\/div>\n\t\t\t\t\t\t\t\t<div class=\"elementor-field-type-select elementor-field-group elementor-column elementor-field-group-tienda elementor-col-100 elementor-field-required\">\n\t\t\t\t\t\t\t\t\t\t\t\t<label for=\"form-field-tienda\" class=\"elementor-field-label\">\n\t\t\t\t\t\t\t\tSelecciona tu punto de Venta\t\t\t\t\t\t\t<\/label>\n\t\t\t\t\t\t\t\t<div class=\"elementor-field elementor-select-wrapper remove-before \">\n\t\t\t<div class=\"select-caret-down-wrapper\">\n\t\t\t\t<svg aria-hidden=\"true\" class=\"e-font-icon-svg e-eicon-caret-down\" viewBox=\"0 0 571.4 571.4\" xmlns=\"http:\/\/www.w3.org\/2000\/svg\"><path d=\"M571 393Q571 407 561 418L311 668Q300 679 286 679T261 668L11 418Q0 407 0 393T11 368 36 357H536Q550 357 561 368T571 393Z\"><\/path><\/svg>\t\t\t<\/div>\n\t\t\t<select name=\"form_fields[tienda]\" id=\"form-field-tienda\" class=\"elementor-field-textual elementor-size-sm\" required=\"required\">\n\t\t\t\t\t\t\t\t\t<option value=\"\"><\/option>\n\t\t\t\t\t\t\t\t\t<option value=\"Madrid - Almirante\">Madrid - Almirante<\/option>\n\t\t\t\t\t\t\t\t\t<option value=\"Madrid - C. Coello\">Madrid - C. Coello<\/option>\n\t\t\t\t\t\t\t\t\t<option value=\"Zaragoza\">Zaragoza<\/option>\n\t\t\t\t\t\t\t\t\t<option value=\"Sevilla\">Sevilla<\/option>\n\t\t\t\t\t\t\t\t\t<option value=\"M\u00e1laga\">M\u00e1laga<\/option>\n\t\t\t\t\t\t\t\t\t<option value=\"Valencia\">Valencia<\/option>\n\t\t\t\t\t\t\t\t\t<option value=\"Bilbao\">Bilbao<\/option>\n\t\t\t\t\t\t\t\t\t<option value=\"C\u00f3rdoba\">C\u00f3rdoba<\/option>\n\t\t\t\t\t\t\t\t\t<option value=\"Santander\">Santander<\/option>\n\t\t\t\t\t\t\t\t\t<option value=\"Le\u00f3n\">Le\u00f3n<\/option>\n\t\t\t\t\t\t\t\t\t<option value=\"Orense\">Orense<\/option>\n\t\t\t\t\t\t\t\t\t<option value=\"Ponferrada\">Ponferrada<\/option>\n\t\t\t\t\t\t\t\t\t<option value=\"Aranjuez\">Aranjuez<\/option>\n\t\t\t\t\t\t\t\t\t<option value=\"Ja\u00e9n\">Ja\u00e9n<\/option>\n\t\t\t\t\t\t\t\t\t<option value=\"Valladolid\">Valladolid<\/option>\n\t\t\t\t\t\t\t<\/select>\n\t\t<\/div>\n\t\t\t\t\t\t<\/div>\n\t\t\t\t\t\t\t\t<div class=\"elementor-field-type-select elementor-field-group elementor-column elementor-field-group-field_952cd77 elementor-col-100 elementor-field-required\">\n\t\t\t\t\t\t\t\t\t\t\t\t<label for=\"form-field-field_952cd77\" class=\"elementor-field-label\">\n\t\t\t\t\t\t\t\tTipo de Vestido\t\t\t\t\t\t\t<\/label>\n\t\t\t\t\t\t\t\t<div class=\"elementor-field elementor-select-wrapper remove-before \">\n\t\t\t<div class=\"select-caret-down-wrapper\">\n\t\t\t\t<svg aria-hidden=\"true\" class=\"e-font-icon-svg e-eicon-caret-down\" viewBox=\"0 0 571.4 571.4\" xmlns=\"http:\/\/www.w3.org\/2000\/svg\"><path d=\"M571 393Q571 407 561 418L311 668Q300 679 286 679T261 668L11 418Q0 407 0 393T11 368 36 357H536Q550 357 561 368T571 393Z\"><\/path><\/svg>\t\t\t<\/div>\n\t\t\t<select name=\"form_fields[field_952cd77]\" id=\"form-field-field_952cd77\" class=\"elementor-field-textual elementor-size-sm\" required=\"required\">\n\t\t\t\t\t\t\t\t\t<option value=\"\"><\/option>\n\t\t\t\t\t\t\t\t\t<option value=\"Vestido de Novia\">Vestido de Novia<\/option>\n\t\t\t\t\t\t\t\t\t<option value=\"Vestido de Fiesta\">Vestido de Fiesta<\/option>\n\t\t\t\t\t\t\t<\/select>\n\t\t<\/div>\n\t\t\t\t\t\t<\/div>\n\t\t\t\t\t\t\t\t<div class=\"elementor-field-type-restrict_date elementor-field-group elementor-column elementor-field-group-field_894f9ea elementor-col-100 elementor-field-required\">\n\t\t\t\t\t\t\t\t\t\t\t\t<label for=\"form-field-field_894f9ea\" class=\"elementor-field-label\">\n\t\t\t\t\t\t\t\tFecha de cita\t\t\t\t\t\t\t<\/label>\n\t\t\t\t\t\t<input type=\"text\" type=\"text\" name=\"form_fields[field_894f9ea]\" id=\"form-field-field_894f9ea\" class=\"elementor-field elementor-size-sm  elementor-field-restrict_date elementor-field-textual\" required=\"required\" readonly=\"true\" placeholder=\"\"  data-format=\"dd\/mm\/yy\" data-min=\"current_date\" data-min_pick=\"\" data-max_plus_min=\"+\" data-max_number_min=\"0\" data-max_type_min=\"d\" data-max=\"\" data-max_pick=\"\" data-max_plus=\"+\" data-max_number=\"0\" data-max_type=\"d\" data-weekdays=\"1|2|3|4|5|6\" data-special=\"2025-08-11\" data-sync_min=\"\" data-sync_max=\"\" data-sync_min_number=\"\" data-sync_max_number=\"\" data-type_inline=\"\" value=\"\">\t\t\t\t<\/div>\n\t\t\t\t\t\t\t\t<div class=\"elementor-field-type-hidden elementor-field-group elementor-column elementor-field-group-email_destino elementor-col-100\">\n\t\t\t\t\t\t\t\t\t\t\t\t\t<input size=\"1\" type=\"hidden\" name=\"form_fields[email_destino]\" id=\"form-field-email_destino\" class=\"elementor-field elementor-size-sm  elementor-field-textual\">\n\t\t\t\t\t\t\t\t\t\t\t<\/div>\n\t\t\t\t\t\t\t\t<div class=\"elementor-field-group elementor-column elementor-field-type-submit elementor-col-100 e-form__buttons\">\n\t\t\t\t\t<button class=\"elementor-button elementor-size-sm\" type=\"submit\">\n\t\t\t\t\t\t<span class=\"elementor-button-content-wrapper\">\n\t\t\t\t\t\t\t\t\t\t\t\t\t\t\t\t\t\t\t\t\t\t<span class=\"elementor-button-text\">Reservar<\/span>\n\t\t\t\t\t\t\t\t\t\t\t\t\t<\/span>\n\t\t\t\t\t<\/button>\n\t\t\t\t<\/div>\n\t\t\t<\/div>\n\t\t<\/form>\n\t\t\t\t\t\t<\/div>\n\t\t\t\t\t<\/div>\n\t\t\t\t<\/div>\n\t\t\t\t<\/div>\n\t\t\t\t<\/div>\n\t\t\t\t\t\t<\/div>\n\t\t\t\t<\/div>\n\t\t\t\t<\/div>\n\t\t<div class=\"elementor-element elementor-element-1279544 e-con-full e-flex e-con e-child\" data-id=\"1279544\" data-element_type=\"container\" data-e-type=\"container\" data-settings=\"{&quot;jet_parallax_layout_list&quot;:[]}\">\n\t\t\t\t<div class=\"elementor-element elementor-element-8154794 elementor-hidden-tablet elementor-hidden-mobile elementor-arrows-position-inside elementor-widget elementor-widget-image-carousel\" data-id=\"8154794\" data-element_type=\"widget\" data-e-type=\"widget\" data-settings=\"{&quot;slides_to_show&quot;:&quot;1&quot;,&quot;navigation&quot;:&quot;arrows&quot;,&quot;autoplay&quot;:&quot;yes&quot;,&quot;pause_on_hover&quot;:&quot;yes&quot;,&quot;pause_on_interaction&quot;:&quot;yes&quot;,&quot;autoplay_speed&quot;:5000,&quot;infinite&quot;:&quot;yes&quot;,&quot;effect&quot;:&quot;slide&quot;,&quot;speed&quot;:500}\" data-widget_type=\"image-carousel.default\">\n\t\t\t\t\t\t\t<div class=\"elementor-image-carousel-wrapper swiper\" role=\"region\" aria-roledescription=\"carousel\" aria-label=\"Carrusel de im\u00e1genes\" dir=\"ltr\">\n\t\t\t<div class=\"elementor-image-carousel swiper-wrapper swiper-image-stretch\" aria-live=\"off\">\n\t\t\t\t\t\t\t\t<div class=\"swiper-slide\" role=\"group\" aria-roledescription=\"slide\" aria-label=\"1 de 6\"><figure class=\"swiper-slide-inner\"><img decoding=\"async\" class=\"swiper-slide-image\" src=\"https:\/\/silviafernandez.com\/wp-content\/uploads\/2025\/11\/SILVIA-FERNANDEZ-INVITADA_19-NAZARET_12036-900x1200.webp\" alt=\"SILVIA FERNANDEZ INVITADA_19- NAZARET_12036\" \/><\/figure><\/div><div class=\"swiper-slide\" role=\"group\" aria-roledescription=\"slide\" aria-label=\"2 de 6\"><figure class=\"swiper-slide-inner\"><img decoding=\"async\" class=\"swiper-slide-image\" src=\"https:\/\/silviafernandez.com\/wp-content\/uploads\/2025\/11\/SILVIA-FERNANDEZ-INVITADA_2-NOELIA_10044-1-900x1200.webp\" alt=\"SILVIA FERNANDEZ INVITADA_2- NOELIA_10044\" \/><\/figure><\/div><div class=\"swiper-slide\" role=\"group\" aria-roledescription=\"slide\" aria-label=\"3 de 6\"><figure class=\"swiper-slide-inner\"><img decoding=\"async\" class=\"swiper-slide-image\" src=\"https:\/\/silviafernandez.com\/wp-content\/uploads\/2025\/11\/SILVIA-FERNANDEZ-INVITADA_1-NIZA_9929-1-900x1200.webp\" alt=\"SILVIA FERNANDEZ INVITADA_1- NIZA_9929\" \/><\/figure><\/div><div class=\"swiper-slide\" role=\"group\" aria-roledescription=\"slide\" aria-label=\"4 de 6\"><figure class=\"swiper-slide-inner\"><img decoding=\"async\" class=\"swiper-slide-image\" src=\"https:\/\/silviafernandez.com\/wp-content\/uploads\/2025\/11\/SILVIA-FERNANDEZ-INVITADA_2025_15804_6-NOEMI-1-900x1200.webp\" alt=\"SILVIA FERNANDEZ INVITADA_2025_15804_6- NOEMI\" \/><\/figure><\/div><div class=\"swiper-slide\" role=\"group\" aria-roledescription=\"slide\" aria-label=\"5 de 6\"><figure class=\"swiper-slide-inner\"><img decoding=\"async\" class=\"swiper-slide-image\" src=\"https:\/\/silviafernandez.com\/wp-content\/uploads\/2025\/11\/SILVIA-FERNANDEZ-INVITADA_3-NELDA_10288-1-900x1200.webp\" alt=\"SILVIA FERNANDEZ INVITADA_3- NELDA_10288\" \/><\/figure><\/div><div class=\"swiper-slide\" role=\"group\" aria-roledescription=\"slide\" aria-label=\"6 de 6\"><figure class=\"swiper-slide-inner\"><img decoding=\"async\" class=\"swiper-slide-image\" src=\"https:\/\/silviafernandez.com\/wp-content\/uploads\/2025\/11\/SILVIA-FERNANDEZ-INVITADA_23-NINETTE_12576-900x1200.webp\" alt=\"SILVIA FERNANDEZ INVITADA_23- NINETTE_12576\" \/><\/figure><\/div>\t\t\t<\/div>\n\t\t\t\t\t\t\t\t\t\t\t\t<div class=\"elementor-swiper-button elementor-swiper-button-prev\" role=\"button\" tabindex=\"0\">\n\t\t\t\t\t\t<svg xmlns=\"http:\/\/www.w3.org\/2000\/svg\" xmlns:xlink=\"http:\/\/www.w3.org\/1999\/xlink\" id=\"Layer_1\" x=\"0px\" y=\"0px\" viewBox=\"0 0 511.991 511.991\" style=\"enable-background:new 0 0 511.991 511.991;\" xml:space=\"preserve\"><g>\t<g>\t\t<path d=\"M153.433,255.991L381.037,18.033c4.063-4.26,3.917-11.01-0.333-15.083c-4.229-4.073-10.979-3.896-15.083,0.333    L130.954,248.616c-3.937,4.125-3.937,10.625,0,14.75L365.621,508.7c2.104,2.188,4.896,3.292,7.708,3.292    c2.646,0,5.313-0.979,7.375-2.958c4.25-4.073,4.396-10.823,0.333-15.083L153.433,255.991z\"><\/path>\t<\/g><\/g><g><\/g><g><\/g><g><\/g><g><\/g><g><\/g><g><\/g><g><\/g><g><\/g><g><\/g><g><\/g><g><\/g><g><\/g><g><\/g><g><\/g><g><\/g><\/svg>\t\t\t\t\t<\/div>\n\t\t\t\t\t<div class=\"elementor-swiper-button elementor-swiper-button-next\" role=\"button\" tabindex=\"0\">\n\t\t\t\t\t\t<svg xmlns=\"http:\/\/www.w3.org\/2000\/svg\" xmlns:xlink=\"http:\/\/www.w3.org\/1999\/xlink\" id=\"Layer_1\" x=\"0px\" y=\"0px\" viewBox=\"0 0 511.995 511.995\" style=\"enable-background:new 0 0 511.995 511.995;\" xml:space=\"preserve\"><g>\t<g>\t\t<path d=\"M381.039,248.62L146.373,3.287c-4.083-4.229-10.833-4.417-15.083-0.333c-4.25,4.073-4.396,10.823-0.333,15.083    L358.56,255.995L130.956,493.954c-4.063,4.26-3.917,11.01,0.333,15.083c2.063,1.979,4.729,2.958,7.375,2.958    c2.813,0,5.604-1.104,7.708-3.292L381.039,263.37C384.977,259.245,384.977,252.745,381.039,248.62z\"><\/path>\t<\/g><\/g><g><\/g><g><\/g><g><\/g><g><\/g><g><\/g><g><\/g><g><\/g><g><\/g><g><\/g><g><\/g><g><\/g><g><\/g><g><\/g><g><\/g><g><\/g><\/svg>\t\t\t\t\t<\/div>\n\t\t\t\t\n\t\t\t\t\t\t\t\t\t<\/div>\n\t\t\t\t\t\t<\/div>\n\t\t\t\t<\/div>\n\t\t\t\t\t<\/div>\n\t\t\t\t<\/div>\n\t\t\t\t<\/div>\n\t\t","protected":false},"excerpt":{"rendered":"<p>LAZOS Nueva colecci\u00f3n fiesta 2026 Un homenaje a la conexi\u00f3n real entre nuestra firma y cada invitada. Una colecci\u00f3n pensada para quienes buscan algo m\u00e1s que un vestido: una pieza que refleje su personalidad y acompa\u00f1e con fuerza un d\u00eda especial. Siluetas depuradas y elegantes conviven con vol\u00famenes sutiles, drapeados, lazadas, capas ligeras y detalles [&hellip;]<\/p>\n","protected":false},"author":260,"featured_media":0,"parent":0,"menu_order":0,"comment_status":"closed","ping_status":"closed","template":"","meta":{"footnotes":""},"class_list":["post-37623","page","type-page","status-publish","hentry"],"_links":{"self":[{"href":"https:\/\/silviafernandez.com\/en\/wp-json\/wp\/v2\/pages\/37623","targetHints":{"allow":["GET"]}}],"collection":[{"href":"https:\/\/silviafernandez.com\/en\/wp-json\/wp\/v2\/pages"}],"about":[{"href":"https:\/\/silviafernandez.com\/en\/wp-json\/wp\/v2\/types\/page"}],"author":[{"embeddable":true,"href":"https:\/\/silviafernandez.com\/en\/wp-json\/wp\/v2\/users\/260"}],"replies":[{"embeddable":true,"href":"https:\/\/silviafernandez.com\/en\/wp-json\/wp\/v2\/comments?post=37623"}],"version-history":[{"count":10,"href":"https:\/\/silviafernandez.com\/en\/wp-json\/wp\/v2\/pages\/37623\/revisions"}],"predecessor-version":[{"id":37648,"href":"https:\/\/silviafernandez.com\/en\/wp-json\/wp\/v2\/pages\/37623\/revisions\/37648"}],"wp:attachment":[{"href":"https:\/\/silviafernandez.com\/en\/wp-json\/wp\/v2\/media?parent=37623"}],"curies":[{"name":"wp","href":"https:\/\/api.w.org\/{rel}","templated":true}]}}