{"id":36655,"date":"2025-08-28T01:40:30","date_gmt":"2025-08-27T23:40:30","guid":{"rendered":"https:\/\/silviafernandez.com\/?page_id=36655"},"modified":"2025-08-28T10:37:23","modified_gmt":"2025-08-28T08:37:23","slug":"noticias-blog","status":"publish","type":"page","link":"https:\/\/silviafernandez.com\/en\/noticias-blog\/","title":{"rendered":"News"},"content":{"rendered":"<div data-elementor-type=\"wp-page\" data-elementor-id=\"36655\" class=\"elementor elementor-36655\" data-elementor-post-type=\"page\">\n\t\t\t\t<div class=\"elementor-element elementor-element-c8972d3 e-flex e-con-boxed e-con e-parent\" data-id=\"c8972d3\" data-element_type=\"container\" data-e-type=\"container\" data-settings=\"{&quot;jet_parallax_layout_list&quot;:[]}\">\n\t\t\t\t\t<div class=\"e-con-inner\">\n\t\t\t\t<div class=\"elementor-element elementor-element-0a2b963 elementor-widget elementor-widget-heading\" data-id=\"0a2b963\" data-element_type=\"widget\" data-e-type=\"widget\" data-widget_type=\"heading.default\">\n\t\t\t\t\t<h1 class=\"elementor-heading-title elementor-size-default\">News<\/h1>\t\t\t\t<\/div>\n\t\t\t\t<div class=\"elementor-element elementor-element-f121e46 elementor-widget-divider--view-line elementor-widget elementor-widget-divider\" data-id=\"f121e46\" data-element_type=\"widget\" data-e-type=\"widget\" data-widget_type=\"divider.default\">\n\t\t\t\t\t\t\t<div class=\"elementor-divider\">\n\t\t\t<span class=\"elementor-divider-separator\">\n\t\t\t\t\t\t<\/span>\n\t\t<\/div>\n\t\t\t\t\t\t<\/div>\n\t\t\t\t<div class=\"elementor-element elementor-element-2e02d9a elementor-widget elementor-widget-text-editor\" data-id=\"2e02d9a\" data-element_type=\"widget\" data-e-type=\"widget\" data-widget_type=\"text-editor.default\">\n\t\t\t\t\t\t\t\t\t<p style=\"text-align: center;\">Our main interest is to involve you in everything we do at Silvia Fernandez. For this reason we have created this section, where we will be telling you about new collections, events, editorials, styling tips, as well as telling you about the whole process of creation of each of the pieces that we make in our atelier in \"El Bierzo\". Welcome to the universe of Silvia Fernandez.<\/p>\t\t\t\t\t\t\t\t<\/div>\n\t\t\t\t\t<\/div>\n\t\t\t\t<\/div>\n\t\t<div class=\"elementor-element elementor-element-c2ac4eb e-flex e-con-boxed e-con e-parent\" data-id=\"c2ac4eb\" data-element_type=\"container\" data-e-type=\"container\" data-settings=\"{&quot;jet_parallax_layout_list&quot;:[]}\">\n\t\t\t\t\t<div class=\"e-con-inner\">\n\t\t\t\t<div class=\"elementor-element elementor-element-72f8530 elementor-posts--align-center noticias_blog elementor-grid-3 elementor-grid-tablet-2 elementor-grid-mobile-1 elementor-posts--thumbnail-top elementor-widget elementor-widget-posts\" data-id=\"72f8530\" data-element_type=\"widget\" data-e-type=\"widget\" data-settings=\"{&quot;classic_row_gap&quot;:{&quot;unit&quot;:&quot;px&quot;,&quot;size&quot;:60,&quot;sizes&quot;:[]},&quot;classic_columns&quot;:&quot;3&quot;,&quot;classic_columns_tablet&quot;:&quot;2&quot;,&quot;classic_columns_mobile&quot;:&quot;1&quot;,&quot;classic_row_gap_tablet&quot;:{&quot;unit&quot;:&quot;px&quot;,&quot;size&quot;:&quot;&quot;,&quot;sizes&quot;:[]},&quot;classic_row_gap_mobile&quot;:{&quot;unit&quot;:&quot;px&quot;,&quot;size&quot;:&quot;&quot;,&quot;sizes&quot;:[]}}\" data-widget_type=\"posts.classic\">\n\t\t\t\t<div class=\"elementor-widget-container\">\n\t\t\t\t\t\t\t<div class=\"elementor-posts-container elementor-posts elementor-posts--skin-classic elementor-grid\" role=\"list\">\n\t\t\t\t<article class=\"elementor-post elementor-grid-item post-32764 post type-post status-publish format-standard has-post-thumbnail hentry\" role=\"listitem\">\n\t\t\t\t<a class=\"elementor-post__thumbnail__link\" href=\"https:\/\/silviafernandez.com\/en\/musas-party-new-collection-silvia-fernandez\/\" tabindex=\"-1\" >\n\t\t\t<div class=\"elementor-post__thumbnail\"><img fetchpriority=\"high\" decoding=\"async\" width=\"667\" height=\"1000\" src=\"https:\/\/silviafernandez.com\/wp-content\/uploads\/2024\/12\/tiendas-de-vestidos-de-fiesta-en-valencia-con-pedreria-Boiro.jpg\" class=\"attachment-medium_large size-medium_large wp-image-31997\" alt=\"Party dresses Musas 2025 Boiro\" srcset=\"https:\/\/silviafernandez.com\/wp-content\/uploads\/2024\/12\/tiendas-de-vestidos-de-fiesta-en-valencia-con-pedreria-Boiro.jpg 667w, https:\/\/silviafernandez.com\/wp-content\/uploads\/2024\/12\/tiendas-de-vestidos-de-fiesta-en-valencia-con-pedreria-Boiro-200x300.jpg 200w, https:\/\/silviafernandez.com\/wp-content\/uploads\/2024\/12\/tiendas-de-vestidos-de-fiesta-en-valencia-con-pedreria-Boiro-8x12.jpg 8w, https:\/\/silviafernandez.com\/wp-content\/uploads\/2024\/12\/tiendas-de-vestidos-de-fiesta-en-valencia-con-pedreria-Boiro-400x600.jpg 400w, https:\/\/silviafernandez.com\/wp-content\/uploads\/2024\/12\/tiendas-de-vestidos-de-fiesta-en-valencia-con-pedreria-Boiro-500x750.jpg 500w\" sizes=\"(max-width: 667px) 100vw, 667px\" \/><\/div>\n\t\t<\/a>\n\t\t\t\t<div class=\"elementor-post__text\">\n\t\t\t\t<h3 class=\"elementor-post__title\">\n\t\t\t<a href=\"https:\/\/silviafernandez.com\/en\/musas-party-new-collection-silvia-fernandez\/\" >\n\t\t\t\tMusas fiesta: Descubre la nueva colecci\u00f3n de Silvia Fern\u00e1ndez que te convertir\u00e1 en el centro de todas las miradas\t\t\t<\/a>\n\t\t<\/h3>\n\t\t\t\t<div class=\"elementor-post__excerpt\">\n\t\t\t<p>En Silvia Fern\u00e1ndez entendemos que la moda no es simplemente una elecci\u00f3n a la hora de vestir, sino una expresi\u00f3n de identidad y estilo propio. Por ello, cada momento es una oportunidad para brillar. Te invitamos a descubrir nuestra nueva colecci\u00f3n de vestidos de fiesta: MUSAS.\u00a0 Una l\u00ednea dise\u00f1ada para rendir homenaje a la elegancia y la sofisticaci\u00f3n luciendo dise\u00f1os exclusivos con cortes asim\u00e9tricos, colores vibrantes y detalles cuidadosamente elaborados que est\u00e1n pensados para empoderarte, resaltar tu belleza y hacerte<\/p>\n\t\t<\/div>\n\t\t\t\t\t<div class=\"elementor-post__read-more-wrapper\">\n\t\t\n\t\t<a class=\"elementor-post__read-more\" href=\"https:\/\/silviafernandez.com\/en\/musas-party-new-collection-silvia-fernandez\/\" aria-label=\"Read more about Musas fiesta: Descubre la nueva colecci\u00f3n de Silvia Fern\u00e1ndez que te convertir\u00e1 en el centro de todas las miradas\" tabindex=\"-1\" >\n\t\t\tLeer m\u00e1s \u00bb\t\t<\/a>\n\n\t\t\t\t\t<\/div>\n\t\t\t\t<\/div>\n\t\t\t\t<\/article>\n\t\t\t\t<article class=\"elementor-post elementor-grid-item post-31376 post type-post status-publish format-standard has-post-thumbnail hentry\" role=\"listitem\">\n\t\t\t\t<a class=\"elementor-post__thumbnail__link\" href=\"https:\/\/silviafernandez.com\/en\/wedding-dresses-with-personality-santander\/\" tabindex=\"-1\" >\n\t\t\t<div class=\"elementor-post__thumbnail\"><img decoding=\"async\" width=\"676\" height=\"1013\" src=\"https:\/\/silviafernandez.com\/wp-content\/uploads\/2024\/09\/Vestidos-de-novia-2024-Silvia-Fernandez-MUSAS-Alejandra.jpg\" class=\"attachment-medium_large size-medium_large wp-image-30595\" alt=\"Wedding dresses 2025 Silvia Fernandez MUSAS Alejandra\" srcset=\"https:\/\/silviafernandez.com\/wp-content\/uploads\/2024\/09\/Vestidos-de-novia-2024-Silvia-Fernandez-MUSAS-Alejandra.jpg 676w, https:\/\/silviafernandez.com\/wp-content\/uploads\/2024\/09\/Vestidos-de-novia-2024-Silvia-Fernandez-MUSAS-Alejandra-200x300.jpg 200w, https:\/\/silviafernandez.com\/wp-content\/uploads\/2024\/09\/Vestidos-de-novia-2024-Silvia-Fernandez-MUSAS-Alejandra-8x12.jpg 8w, https:\/\/silviafernandez.com\/wp-content\/uploads\/2024\/09\/Vestidos-de-novia-2024-Silvia-Fernandez-MUSAS-Alejandra-400x599.jpg 400w, https:\/\/silviafernandez.com\/wp-content\/uploads\/2024\/09\/Vestidos-de-novia-2024-Silvia-Fernandez-MUSAS-Alejandra-500x749.jpg 500w\" sizes=\"(max-width: 676px) 100vw, 676px\" \/><\/div>\n\t\t<\/a>\n\t\t\t\t<div class=\"elementor-post__text\">\n\t\t\t\t<h3 class=\"elementor-post__title\">\n\t\t\t<a href=\"https:\/\/silviafernandez.com\/en\/wedding-dresses-with-personality-santander\/\" >\n\t\t\t\tVestidos de novia con personalidad, ahora en el nuevo atelier de Silvia Fern\u00e1ndez en Santander\t\t\t<\/a>\n\t\t<\/h3>\n\t\t\t\t<div class=\"elementor-post__excerpt\">\n\t\t\t<p>Vestidos de novia que reflejan tu personalidad, ahora en el nuevo atelier de Silvia Fern\u00e1ndez en Santander, destino de paisajes \u00fanicos y encanto costero, perfecto para una experiencia inolvidable en moda nupcial\u00a0en Cantabria. Desde el momento en que cruzas la puerta, nuestro equipo se dedica a conocer tu visi\u00f3n y guiarte en cada etapa del proceso. Ubicado en Calle San Fernando 38, nuestro atelier te invita a descubrir el vestido de novia con el que siempre has so\u00f1ado. La Elegancia<\/p>\n\t\t<\/div>\n\t\t\t\t\t<div class=\"elementor-post__read-more-wrapper\">\n\t\t\n\t\t<a class=\"elementor-post__read-more\" href=\"https:\/\/silviafernandez.com\/en\/wedding-dresses-with-personality-santander\/\" aria-label=\"Read more about Vestidos de novia con personalidad, ahora en el nuevo atelier de Silvia Fern\u00e1ndez en Santander\" tabindex=\"-1\" >\n\t\t\tLeer m\u00e1s \u00bb\t\t<\/a>\n\n\t\t\t\t\t<\/div>\n\t\t\t\t<\/div>\n\t\t\t\t<\/article>\n\t\t\t\t<article class=\"elementor-post elementor-grid-item post-31330 post type-post status-publish format-standard has-post-thumbnail hentry\" role=\"listitem\">\n\t\t\t\t<a class=\"elementor-post__thumbnail__link\" href=\"https:\/\/silviafernandez.com\/en\/bridal-fashion-cordoba-silvia-fernandez\/\" tabindex=\"-1\" >\n\t\t\t<div class=\"elementor-post__thumbnail\"><img decoding=\"async\" width=\"688\" height=\"1031\" src=\"https:\/\/silviafernandez.com\/wp-content\/uploads\/2024\/09\/Vestidos-de-novia-2025-Silvia-Fernandez-MUSAS-Artemisa-4-1.jpg\" class=\"attachment-medium_large size-medium_large wp-image-30652\" alt=\"Wedding dresses 2025 Silvia Fernandez MUSAS Artemisa 4\" srcset=\"https:\/\/silviafernandez.com\/wp-content\/uploads\/2024\/09\/Vestidos-de-novia-2025-Silvia-Fernandez-MUSAS-Artemisa-4-1.jpg 688w, https:\/\/silviafernandez.com\/wp-content\/uploads\/2024\/09\/Vestidos-de-novia-2025-Silvia-Fernandez-MUSAS-Artemisa-4-1-200x300.jpg 200w, https:\/\/silviafernandez.com\/wp-content\/uploads\/2024\/09\/Vestidos-de-novia-2025-Silvia-Fernandez-MUSAS-Artemisa-4-1-683x1024.jpg 683w, https:\/\/silviafernandez.com\/wp-content\/uploads\/2024\/09\/Vestidos-de-novia-2025-Silvia-Fernandez-MUSAS-Artemisa-4-1-8x12.jpg 8w, https:\/\/silviafernandez.com\/wp-content\/uploads\/2024\/09\/Vestidos-de-novia-2025-Silvia-Fernandez-MUSAS-Artemisa-4-1-400x599.jpg 400w, https:\/\/silviafernandez.com\/wp-content\/uploads\/2024\/09\/Vestidos-de-novia-2025-Silvia-Fernandez-MUSAS-Artemisa-4-1-500x749.jpg 500w\" sizes=\"(max-width: 688px) 100vw, 688px\" \/><\/div>\n\t\t<\/a>\n\t\t\t\t<div class=\"elementor-post__text\">\n\t\t\t\t<h3 class=\"elementor-post__title\">\n\t\t\t<a href=\"https:\/\/silviafernandez.com\/en\/bridal-fashion-cordoba-silvia-fernandez\/\" >\n\t\t\t\tDistinction in bridal fashion in Cordoba, discover it in Silvia Fernandez Atelier\t\t\t<\/a>\n\t\t<\/h3>\n\t\t\t\t<div class=\"elementor-post__excerpt\">\n\t\t\t<p>La apertura del nuevo atelier Silvia Fern\u00e1ndez en C\u00f3rdoba, ubicada en Calle Sevilla 9, Centro, representa un punto de encuentro en el mundo de la moda nupcial andaluza. Con un enfoque que fusiona tradici\u00f3n y modernidad, Silvia Fern\u00e1ndez trae su estilo inconfundible a esta ciudad hist\u00f3rica, ofreciendo a las novias cordobesas una experiencia inolvidable en su gran d\u00eda. La Esencia de los Vestidos de Novia Silvia Fern\u00e1ndez, ahora en el Alma de C\u00f3rdoba La ubicaci\u00f3n del nuevo atelier Silvia Fern\u00e1ndez<\/p>\n\t\t<\/div>\n\t\t\t\t\t<div class=\"elementor-post__read-more-wrapper\">\n\t\t\n\t\t<a class=\"elementor-post__read-more\" href=\"https:\/\/silviafernandez.com\/en\/bridal-fashion-cordoba-silvia-fernandez\/\" aria-label=\"Read more about Distinci\u00f3n en moda nupcial en C\u00f3rdoba, desc\u00fabrelo en Silvia Fern\u00e1ndez Atelier\" tabindex=\"-1\" >\n\t\t\tLeer m\u00e1s \u00bb\t\t<\/a>\n\n\t\t\t\t\t<\/div>\n\t\t\t\t<\/div>\n\t\t\t\t<\/article>\n\t\t\t\t<article class=\"elementor-post elementor-grid-item post-31262 post type-post status-publish format-standard has-post-thumbnail hentry\" role=\"listitem\">\n\t\t\t\t<a class=\"elementor-post__thumbnail__link\" href=\"https:\/\/silviafernandez.com\/en\/bridal-elegance-malaga\/\" tabindex=\"-1\" >\n\t\t\t<div class=\"elementor-post__thumbnail\"><img loading=\"lazy\" decoding=\"async\" width=\"667\" height=\"1000\" src=\"https:\/\/silviafernandez.com\/wp-content\/uploads\/2024\/01\/AAAA-SILVIA-FERNANDEZ-DAY-1_009-AGUSTINA_02931-editada-V3.jpg\" class=\"attachment-medium_large size-medium_large wp-image-24745\" alt=\"YYYY-SILVIA-FERNANDEZ-DAY-1_009-AGUSTINA_02931-edited-V3\" srcset=\"https:\/\/silviafernandez.com\/wp-content\/uploads\/2024\/01\/AAAA-SILVIA-FERNANDEZ-DAY-1_009-AGUSTINA_02931-editada-V3.jpg 667w, https:\/\/silviafernandez.com\/wp-content\/uploads\/2024\/01\/AAAA-SILVIA-FERNANDEZ-DAY-1_009-AGUSTINA_02931-editada-V3-200x300.jpg 200w, https:\/\/silviafernandez.com\/wp-content\/uploads\/2024\/01\/AAAA-SILVIA-FERNANDEZ-DAY-1_009-AGUSTINA_02931-editada-V3-400x600.jpg 400w, https:\/\/silviafernandez.com\/wp-content\/uploads\/2024\/01\/AAAA-SILVIA-FERNANDEZ-DAY-1_009-AGUSTINA_02931-editada-V3-500x750.jpg 500w\" sizes=\"(max-width: 667px) 100vw, 667px\" \/><\/div>\n\t\t<\/a>\n\t\t\t\t<div class=\"elementor-post__text\">\n\t\t\t\t<h3 class=\"elementor-post__title\">\n\t\t\t<a href=\"https:\/\/silviafernandez.com\/en\/bridal-elegance-malaga\/\" >\n\t\t\t\tBridal elegance, Silvia Fernandez atelier's in Malaga\t\t\t<\/a>\n\t\t<\/h3>\n\t\t\t\t<div class=\"elementor-post__excerpt\">\n\t\t\t<p>Elegancia nupcial en M\u00e1laga, cuna de arte y cultura. Esta ciudad es ahora tambi\u00e9n el hogar de una experiencia \u00fanica para las futuras novias: el atelier de Silvia Fern\u00e1ndez. Aqu\u00ed, encontrar\u00e1s en cada vestido de novia una creaci\u00f3n hecha a medida, destinada a capturar y realzar la esencia de cada novia malague\u00f1a. Con enfoque en cada detalle, nuestro atelier en pleno centro de la ciudad ubicado en Pasillo de Atocha 3, Distrito Centro, te ayudar\u00e1 a descubrir el vestido de<\/p>\n\t\t<\/div>\n\t\t\t\t\t<div class=\"elementor-post__read-more-wrapper\">\n\t\t\n\t\t<a class=\"elementor-post__read-more\" href=\"https:\/\/silviafernandez.com\/en\/bridal-elegance-malaga\/\" aria-label=\"Read more about Elegancia nupcial, el atelier de Silvia Fern\u00e1ndez en M\u00e1laga\" tabindex=\"-1\" >\n\t\t\tLeer m\u00e1s \u00bb\t\t<\/a>\n\n\t\t\t\t\t<\/div>\n\t\t\t\t<\/div>\n\t\t\t\t<\/article>\n\t\t\t\t<article class=\"elementor-post elementor-grid-item post-31112 post type-post status-publish format-standard has-post-thumbnail hentry\" role=\"listitem\">\n\t\t\t\t<a class=\"elementor-post__thumbnail__link\" href=\"https:\/\/silviafernandez.com\/en\/style-authenticity-silvia-fernandez\/\" tabindex=\"-1\" >\n\t\t\t<div class=\"elementor-post__thumbnail\"><img loading=\"lazy\" decoding=\"async\" width=\"677\" height=\"1018\" src=\"https:\/\/silviafernandez.com\/wp-content\/uploads\/2024\/04\/Vestidos-de-novia-2024-Silvia-Fernandez-MUSAS-ANAIS-02119-1.jpg\" class=\"attachment-medium_large size-medium_large wp-image-27547\" alt=\"Wedding dresses 2024 Silvia Fernandez MUSAS ANAIS 02119\" srcset=\"https:\/\/silviafernandez.com\/wp-content\/uploads\/2024\/04\/Vestidos-de-novia-2024-Silvia-Fernandez-MUSAS-ANAIS-02119-1.jpg 677w, https:\/\/silviafernandez.com\/wp-content\/uploads\/2024\/04\/Vestidos-de-novia-2024-Silvia-Fernandez-MUSAS-ANAIS-02119-1-200x300.jpg 200w, https:\/\/silviafernandez.com\/wp-content\/uploads\/2024\/04\/Vestidos-de-novia-2024-Silvia-Fernandez-MUSAS-ANAIS-02119-1-8x12.jpg 8w, https:\/\/silviafernandez.com\/wp-content\/uploads\/2024\/04\/Vestidos-de-novia-2024-Silvia-Fernandez-MUSAS-ANAIS-02119-1-400x601.jpg 400w, https:\/\/silviafernandez.com\/wp-content\/uploads\/2024\/04\/Vestidos-de-novia-2024-Silvia-Fernandez-MUSAS-ANAIS-02119-1-500x752.jpg 500w\" sizes=\"(max-width: 677px) 100vw, 677px\" \/><\/div>\n\t\t<\/a>\n\t\t\t\t<div class=\"elementor-post__text\">\n\t\t\t\t<h3 class=\"elementor-post__title\">\n\t\t\t<a href=\"https:\/\/silviafernandez.com\/en\/style-authenticity-silvia-fernandez\/\" >\n\t\t\t\tStyle and authenticity, Silvia Fern\u00e1ndez's new atelier in Bilbao\t\t\t<\/a>\n\t\t<\/h3>\n\t\t\t\t<div class=\"elementor-post__excerpt\">\n\t\t\t<p>La apertura del nuevo atelier Silvia Fern\u00e1ndez en Bilbao, ubicada en M\u00e1ximo Aguirre Kalea 13, marca un antes y un despu\u00e9s en el sector nupcial del norte de Espa\u00f1a. Con su enfoque innovador y una meticulosa atenci\u00f3n al detalle, Silvia Fern\u00e1ndez no solo aporta su estilo distintivo a la ciudad, sino que redefine las expectativas sobre la elegancia en los vestidos de novia. El Estilo \u00danico de Silvia Fern\u00e1ndez en el Coraz\u00f3n de la Ciudad La ubicaci\u00f3n del nuevo atelier<\/p>\n\t\t<\/div>\n\t\t\t\t\t<div class=\"elementor-post__read-more-wrapper\">\n\t\t\n\t\t<a class=\"elementor-post__read-more\" href=\"https:\/\/silviafernandez.com\/en\/style-authenticity-silvia-fernandez\/\" aria-label=\"Read more about Estilo y autenticidad, el nuevo atelier de Silvia Fern\u00e1ndez en Bilbao\" tabindex=\"-1\" >\n\t\t\tLeer m\u00e1s \u00bb\t\t<\/a>\n\n\t\t\t\t\t<\/div>\n\t\t\t\t<\/div>\n\t\t\t\t<\/article>\n\t\t\t\t<article class=\"elementor-post elementor-grid-item post-30944 post type-post status-publish format-standard has-post-thumbnail hentry\" role=\"listitem\">\n\t\t\t\t<a class=\"elementor-post__thumbnail__link\" href=\"https:\/\/silviafernandez.com\/en\/5-trends-of-this-wedding-season\/\" tabindex=\"-1\" >\n\t\t\t<div class=\"elementor-post__thumbnail\"><img loading=\"lazy\" decoding=\"async\" width=\"674\" height=\"1010\" src=\"https:\/\/silviafernandez.com\/wp-content\/uploads\/2024\/04\/Vestidos-de-novia-2024-Silvia-Fernandez-MUSAS-AVA-8.jpg\" class=\"attachment-medium_large size-medium_large wp-image-30579\" alt=\"Wedding dresses 2024 Silvia Fernandez MUSAS AVA 3\" srcset=\"https:\/\/silviafernandez.com\/wp-content\/uploads\/2024\/04\/Vestidos-de-novia-2024-Silvia-Fernandez-MUSAS-AVA-8.jpg 674w, https:\/\/silviafernandez.com\/wp-content\/uploads\/2024\/04\/Vestidos-de-novia-2024-Silvia-Fernandez-MUSAS-AVA-8-200x300.jpg 200w, https:\/\/silviafernandez.com\/wp-content\/uploads\/2024\/04\/Vestidos-de-novia-2024-Silvia-Fernandez-MUSAS-AVA-8-8x12.jpg 8w, https:\/\/silviafernandez.com\/wp-content\/uploads\/2024\/04\/Vestidos-de-novia-2024-Silvia-Fernandez-MUSAS-AVA-8-400x599.jpg 400w, https:\/\/silviafernandez.com\/wp-content\/uploads\/2024\/04\/Vestidos-de-novia-2024-Silvia-Fernandez-MUSAS-AVA-8-500x749.jpg 500w\" sizes=\"(max-width: 674px) 100vw, 674px\" \/><\/div>\n\t\t<\/a>\n\t\t\t\t<div class=\"elementor-post__text\">\n\t\t\t\t<h3 class=\"elementor-post__title\">\n\t\t\t<a href=\"https:\/\/silviafernandez.com\/en\/5-trends-of-this-wedding-season\/\" >\n\t\t\t\t5 trends for this wedding season\t\t\t<\/a>\n\t\t<\/h3>\n\t\t\t\t<div class=\"elementor-post__excerpt\">\n\t\t\t<p>La temporada de bodas llega con tendencias que no querr\u00e1s perderte. Descubre las 5 ideas m\u00e1s innovadoras para hacer de tu boda un d\u00eda inolvidable. \u00a1Sigue leyendo y sorpr\u00e9ndete! 1. Vestidos Transformables para esta temporada de bodas Los vestidos transformables se han convertido en una de las tendencias preferidas de las novias que buscan versatilidad sin renunciar a la elegancia. Estos dise\u00f1os se adaptan a cada momento de la boda, permitiendo un cambio de look instant\u00e1neo gracias a piezas desmontables,<\/p>\n\t\t<\/div>\n\t\t\t\t\t<div class=\"elementor-post__read-more-wrapper\">\n\t\t\n\t\t<a class=\"elementor-post__read-more\" href=\"https:\/\/silviafernandez.com\/en\/5-trends-of-this-wedding-season\/\" aria-label=\"Read more about 5 tendencias de esta temporada de bodas\" tabindex=\"-1\" >\n\t\t\tLeer m\u00e1s \u00bb\t\t<\/a>\n\n\t\t\t\t\t<\/div>\n\t\t\t\t<\/div>\n\t\t\t\t<\/article>\n\t\t\t\t<\/div>\n\t\t\n\t\t\t\t\t\t<\/div>\n\t\t\t\t<\/div>\n\t\t\t\t\t<\/div>\n\t\t\t\t<\/div>\n\t\t\t\t<\/div>","protected":false},"excerpt":{"rendered":"<p>News Nuestro mayor inter\u00e9s es hacerte part\u00edcipe de todo lo que hacemos en Silvia Fernandez. Por ello hemos creado este apartado, donde iremos contando tanto las nuevas colecciones, eventos, editoriales,\u00a0 tips de estilismo, as\u00ed como contaros todo el proceso de creaci\u00f3n de cada una de las piezas que hacemos en nuestro atelier en el Bierzo.\u00a0Bienvenida [&hellip;]<\/p>\n","protected":false},"author":229,"featured_media":0,"parent":0,"menu_order":0,"comment_status":"closed","ping_status":"closed","template":"","meta":{"footnotes":""},"class_list":["post-36655","page","type-page","status-publish","hentry"],"_links":{"self":[{"href":"https:\/\/silviafernandez.com\/en\/wp-json\/wp\/v2\/pages\/36655","targetHints":{"allow":["GET"]}}],"collection":[{"href":"https:\/\/silviafernandez.com\/en\/wp-json\/wp\/v2\/pages"}],"about":[{"href":"https:\/\/silviafernandez.com\/en\/wp-json\/wp\/v2\/types\/page"}],"author":[{"embeddable":true,"href":"https:\/\/silviafernandez.com\/en\/wp-json\/wp\/v2\/users\/229"}],"replies":[{"embeddable":true,"href":"https:\/\/silviafernandez.com\/en\/wp-json\/wp\/v2\/comments?post=36655"}],"version-history":[{"count":22,"href":"https:\/\/silviafernandez.com\/en\/wp-json\/wp\/v2\/pages\/36655\/revisions"}],"predecessor-version":[{"id":36680,"href":"https:\/\/silviafernandez.com\/en\/wp-json\/wp\/v2\/pages\/36655\/revisions\/36680"}],"wp:attachment":[{"href":"https:\/\/silviafernandez.com\/en\/wp-json\/wp\/v2\/media?parent=36655"}],"curies":[{"name":"wp","href":"https:\/\/api.w.org\/{rel}","templated":true}]}}