{"id":36152,"date":"2025-07-04T15:42:25","date_gmt":"2025-07-04T13:42:25","guid":{"rendered":"https:\/\/silviafernandez.com\/?page_id=36152"},"modified":"2025-07-04T15:46:52","modified_gmt":"2025-07-04T13:46:52","slug":"reserva-vestidos-novia-jaen","status":"publish","type":"page","link":"https:\/\/silviafernandez.com\/en\/reserva-vestidos-novia-jaen\/","title":{"rendered":"Vestidos de novia Ja\u00e9n"},"content":{"rendered":"\t\t<div data-elementor-type=\"wp-page\" data-elementor-id=\"36152\" class=\"elementor elementor-36152\" data-elementor-post-type=\"page\">\n\t\t\t\t\t\t<section class=\"elementor-section elementor-top-section elementor-element elementor-element-55a4e098 elementor-section-height-min-height elementor-section-items-stretch elementor-section-content-middle elementor-section-boxed elementor-section-height-default\" data-id=\"55a4e098\" data-element_type=\"section\" data-e-type=\"section\" data-settings=\"{&quot;background_background&quot;:&quot;classic&quot;,&quot;jet_parallax_layout_list&quot;:[]}\">\n\t\t\t\t\t\t\t<div class=\"elementor-background-overlay\"><\/div>\n\t\t\t\t\t\t\t<div class=\"elementor-container elementor-column-gap-default\">\n\t\t\t\t\t<div class=\"elementor-column elementor-col-100 elementor-top-column elementor-element elementor-element-15d30178\" data-id=\"15d30178\" data-element_type=\"column\" data-e-type=\"column\">\n\t\t\t<div class=\"elementor-widget-wrap elementor-element-populated\">\n\t\t\t\t\t\t<div class=\"elementor-element elementor-element-5b109aec elementor-widget elementor-widget-heading\" data-id=\"5b109aec\" data-element_type=\"widget\" data-e-type=\"widget\" data-widget_type=\"heading.default\">\n\t\t\t\t\t<h2 class=\"elementor-heading-title elementor-size-default\">JA\u00c9N<\/h2>\t\t\t\t<\/div>\n\t\t\t\t<div class=\"elementor-element elementor-element-c9a6eb3 elementor-widget elementor-widget-heading\" data-id=\"c9a6eb3\" data-element_type=\"widget\" data-e-type=\"widget\" data-widget_type=\"heading.default\">\n\t\t\t\t\t<h2 class=\"elementor-heading-title elementor-size-default\">Virgen de la Capilla 3<\/h2>\t\t\t\t<\/div>\n\t\t\t\t<div class=\"elementor-element elementor-element-3f64df44 elementor-widget-divider--view-line elementor-widget elementor-widget-divider\" data-id=\"3f64df44\" data-element_type=\"widget\" data-e-type=\"widget\" data-widget_type=\"divider.default\">\n\t\t\t\t\t\t\t<div class=\"elementor-divider\">\n\t\t\t<span class=\"elementor-divider-separator\">\n\t\t\t\t\t\t<\/span>\n\t\t<\/div>\n\t\t\t\t\t\t<\/div>\n\t\t\t\t<div class=\"elementor-element elementor-element-4f77187 elementor-widget elementor-widget-template\" data-id=\"4f77187\" data-element_type=\"widget\" data-e-type=\"widget\" data-widget_type=\"template.default\">\n\t\t\t\t<div class=\"elementor-widget-container\">\n\t\t\t\t\t\t\t<div class=\"elementor-template\">\n\t\t\t\t\t<div data-elementor-type=\"container\" data-elementor-id=\"29994\" class=\"elementor elementor-29994\" data-elementor-post-type=\"elementor_library\">\n\t\t\t\t<div class=\"elementor-element elementor-element-4a843816 e-flex e-con-boxed e-con e-parent\" data-id=\"4a843816\" data-element_type=\"container\" data-e-type=\"container\" data-settings=\"{&quot;jet_parallax_layout_list&quot;:[]}\">\n\t\t\t\t\t<div class=\"e-con-inner\">\n\t\t\t\t<div class=\"elementor-element elementor-element-777e550 elementor-widget elementor-widget-heading\" data-id=\"777e550\" data-element_type=\"widget\" data-e-type=\"widget\" data-widget_type=\"heading.default\">\n\t\t\t\t\t<div class=\"elementor-heading-title elementor-size-default\">Reserva de Cita<\/div>\t\t\t\t<\/div>\n\t\t\t\t<div class=\"elementor-element elementor-element-29645f16 elementor-button-align-start elementor-widget elementor-widget-form\" data-id=\"29645f16\" data-element_type=\"widget\" data-e-type=\"widget\" data-settings=\"{&quot;step_next_label&quot;:&quot;Siguiente&quot;,&quot;step_previous_label&quot;:&quot;Anterior&quot;,&quot;button_width&quot;:&quot;100&quot;,&quot;step_type&quot;:&quot;number_text&quot;,&quot;step_icon_shape&quot;:&quot;circle&quot;}\" data-widget_type=\"form.default\">\n\t\t\t\t\t\t\t<form class=\"elementor-form\" method=\"post\" name=\"Formulario Citas whastapp\" aria-label=\"Formulario Citas whastapp\" novalidate=\"\">\n\t\t\t<input type=\"hidden\" name=\"post_id\" value=\"29994\"\/>\n\t\t\t<input type=\"hidden\" name=\"form_id\" value=\"29645f16\"\/>\n\t\t\t<input type=\"hidden\" name=\"referer_title\" value=\"Vestidos de novia C\u00f3rdoba - Silvia Fernandez\" \/>\n\n\t\t\t\t\t\t\t<input type=\"hidden\" name=\"queried_id\" value=\"29139\"\/>\n\t\t\t\n\t\t\t<div class=\"elementor-form-fields-wrapper elementor-labels-above\">\n\t\t\t\t\t\t\t\t<div class=\"elementor-field-type-text elementor-field-group elementor-column elementor-field-group-nombre elementor-col-100 elementor-field-required\">\n\t\t\t\t\t\t\t\t\t\t\t\t<label for=\"form-field-nombre\" class=\"elementor-field-label\">\n\t\t\t\t\t\t\t\tNombre\t\t\t\t\t\t\t<\/label>\n\t\t\t\t\t\t\t\t\t\t\t\t\t\t<input size=\"1\" type=\"text\" name=\"form_fields[nombre]\" id=\"form-field-nombre\" class=\"elementor-field elementor-size-sm  elementor-field-textual\" required=\"required\">\n\t\t\t\t\t\t\t\t\t\t\t<\/div>\n\t\t\t\t\t\t\t\t<div class=\"elementor-field-type-text elementor-field-group elementor-column elementor-field-group-apellido elementor-col-100 elementor-field-required\">\n\t\t\t\t\t\t\t\t\t\t\t\t<label for=\"form-field-apellido\" class=\"elementor-field-label\">\n\t\t\t\t\t\t\t\tApellidos\t\t\t\t\t\t\t<\/label>\n\t\t\t\t\t\t\t\t\t\t\t\t\t\t<input size=\"1\" type=\"text\" name=\"form_fields[apellido]\" id=\"form-field-apellido\" class=\"elementor-field elementor-size-sm  elementor-field-textual\" required=\"required\">\n\t\t\t\t\t\t\t\t\t\t\t<\/div>\n\t\t\t\t\t\t\t\t<div class=\"elementor-field-type-telephone elementor-field-group elementor-column elementor-field-group-phone elementor-col-100 elementor-field-required\">\n\t\t\t\t\t\t\t\t\t\t\t\t<label for=\"form-field-phone\" class=\"elementor-field-label\">\n\t\t\t\t\t\t\t\tTel\u00e9fono\t\t\t\t\t\t\t<\/label>\n\t\t\t\t\t\t\t\t<input dir=\"ltr\" type=\"text\" name=\"change_name_phone\" id=\"form-field-phone\" class=\"elementor-field elementor-size-sm  elementor-field-telephone elementor-field-textual yee-ltr\" required=\"required\" data-pre=\"es\" data-excludeCountries=\"\" data-onlyct=\"\" data-defcountry=\"es\" data-hide_flag=\"yes\" data-hide_code=\"\" data-validation=\"yes\" data-name=\"phone\" data-telephone_search=\"\" >\n\t\t<input onkeydown=\"return \/[0-9]|\\(|\\)|\\+|-|BACKSPACE\/i.test(event.key)\" type=\"hidden\" class=\"phone_check\" name=\"form_fields[phone_check]\" value=\"\" >\n\t\t\t\t\t\t<\/div>\n\t\t\t\t\t\t\t\t<div class=\"elementor-field-type-email elementor-field-group elementor-column elementor-field-group-email elementor-col-100 elementor-field-required\">\n\t\t\t\t\t\t\t\t\t\t\t\t<label for=\"form-field-email\" class=\"elementor-field-label\">\n\t\t\t\t\t\t\t\tEmail\t\t\t\t\t\t\t<\/label>\n\t\t\t\t\t\t\t\t\t\t\t\t\t\t<input size=\"1\" type=\"email\" name=\"form_fields[email]\" id=\"form-field-email\" class=\"elementor-field elementor-size-sm  elementor-field-textual\" required=\"required\">\n\t\t\t\t\t\t\t\t\t\t\t<\/div>\n\t\t\t\t\t\t\t\t<div class=\"elementor-field-type-select elementor-field-group elementor-column elementor-field-group-field_effb479 elementor-col-100\">\n\t\t\t\t\t\t\t\t\t\t\t\t<label for=\"form-field-field_effb479\" class=\"elementor-field-label\">\n\t\t\t\t\t\t\t\tTipo de Vestido\t\t\t\t\t\t\t<\/label>\n\t\t\t\t\t\t\t\t<div class=\"elementor-field elementor-select-wrapper remove-before \">\n\t\t\t<div class=\"select-caret-down-wrapper\">\n\t\t\t\t<svg aria-hidden=\"true\" class=\"e-font-icon-svg e-eicon-caret-down\" viewBox=\"0 0 571.4 571.4\" xmlns=\"http:\/\/www.w3.org\/2000\/svg\"><path d=\"M571 393Q571 407 561 418L311 668Q300 679 286 679T261 668L11 418Q0 407 0 393T11 368 36 357H536Q550 357 561 368T571 393Z\"><\/path><\/svg>\t\t\t<\/div>\n\t\t\t<select name=\"form_fields[field_effb479]\" id=\"form-field-field_effb479\" class=\"elementor-field-textual elementor-size-sm\">\n\t\t\t\t\t\t\t\t\t<option value=\"\"><\/option>\n\t\t\t\t\t\t\t\t\t<option value=\"Vestido de Novia\">Vestido de Novia<\/option>\n\t\t\t\t\t\t\t\t\t<option value=\"Vestido de Fiesta\">Vestido de Fiesta<\/option>\n\t\t\t\t\t\t\t<\/select>\n\t\t<\/div>\n\t\t\t\t\t\t<\/div>\n\t\t\t\t\t\t\t\t<div class=\"elementor-field-type-date elementor-field-group elementor-column elementor-field-group-fecha_cita elementor-col-100 elementor-field-required\">\n\t\t\t\t\t\t\t\t\t\t\t\t<label for=\"form-field-fecha_cita\" class=\"elementor-field-label\">\n\t\t\t\t\t\t\t\tFecha de cita\t\t\t\t\t\t\t<\/label>\n\t\t\t\t\t\t\n\t\t<input type=\"date\" name=\"form_fields[fecha_cita]\" id=\"form-field-fecha_cita\" class=\"elementor-field elementor-size-sm  elementor-field-textual elementor-date-field\" required=\"required\" pattern=\"[0-9]{4}-[0-9]{2}-[0-9]{2}\">\n\t\t\t\t\t\t<\/div>\n\t\t\t\t\t\t\t\t<div class=\"elementor-field-group elementor-column elementor-field-type-submit elementor-col-100 e-form__buttons\">\n\t\t\t\t\t<button class=\"elementor-button elementor-size-sm\" type=\"submit\">\n\t\t\t\t\t\t<span class=\"elementor-button-content-wrapper\">\n\t\t\t\t\t\t\t\t\t\t\t\t\t\t\t\t\t\t\t\t\t\t<span class=\"elementor-button-text\">Reservar<\/span>\n\t\t\t\t\t\t\t\t\t\t\t\t\t<\/span>\n\t\t\t\t\t<\/button>\n\t\t\t\t<\/div>\n\t\t\t<\/div>\n\t\t<\/form>\n\t\t\t\t\t\t<\/div>\n\t\t\t\t<div class=\"elementor-element elementor-element-141a562 elementor-widget elementor-widget-shortcode\" data-id=\"141a562\" data-element_type=\"widget\" data-e-type=\"widget\" data-widget_type=\"shortcode.default\">\n\t\t\t\t\t\t\t<div class=\"elementor-shortcode\"><\/div>\n\t\t\t\t\t\t<\/div>\n\t\t\t\t\t<\/div>\n\t\t\t\t<\/div>\n\t\t\t\t<\/div>\n\t\t\t\t<\/div>\n\t\t\t\t\t\t<\/div>\n\t\t\t\t<\/div>\n\t\t\t\t<div class=\"elementor-element elementor-element-1dc0f64 elementor-widget elementor-widget-text-editor\" data-id=\"1dc0f64\" data-element_type=\"widget\" data-e-type=\"widget\" data-widget_type=\"text-editor.default\">\n\t\t\t\t\t\t\t\t\t<p><b>Vestidos de Novia &#8211; Silvia Fern\u00e1ndez Ja\u00e9n<\/b>, ubicado en <b>Ja\u00e9n<\/b>, nos dedicamos al dise\u00f1o y confecci\u00f3n de <b>vestidos de novia<\/b> y <b>vestidos de fiesta<\/b> que destacan por su elegancia y exclusividad. Cada temporada presentamos colecciones de <b>moda nupcial<\/b> que combinan la tradici\u00f3n y las tendencias m\u00e1s actuales, ofreciendo a las novias de Ja\u00e9n la oportunidad de lucir un dise\u00f1o \u00fanico en el d\u00eda m\u00e1s importante de sus vidas.<\/p><p>Nuestros <b>vestidos de novia en Ja\u00e9n <\/b>est\u00e1n confeccionados con materiales de alta calidad y un acabado impecable, pensados para adaptarse a diferentes estilos y personalidades. Adem\u00e1s, ofrecemos la posibilidad de dise\u00f1ar <b>vestidos a medida<\/b>, permitiendo a las novias personalizar cada detalle para que su vestido sea una pieza exclusiva, hecha a su gusto y medida.<\/p><p>En <b>Silvia Fern\u00e1ndez Atelier<\/b> tambi\u00e9n contamos con una elegante selecci\u00f3n de<b> vestidos de fiesta en Ja\u00e9n<\/b>, ideales para invitadas que buscan destacar en bodas, eventos o celebraciones especiales. Nuestros dise\u00f1os se caracterizan por su sofisticaci\u00f3n, originalidad y el cuidado en cada detalle.<\/p><p>Si est\u00e1s buscando el <b>vestido de novia perfecto en Ja\u00e9n <\/b>o un <b>atelier de vestidos de fiesta<\/b> que te ofrezca dise\u00f1os \u00fanicos y personalizados, <b>Silvia Fern\u00e1ndez Atelier<\/b> es tu mejor opci\u00f3n. Situado en una ubicaci\u00f3n c\u00e9ntrica de Ja\u00e9n, te invitamos a visitarnos y a descubrir nuestras colecciones exclusivas que te har\u00e1n brillar en cualquier ocasi\u00f3n.<\/p><p>Vis\u00edtanos en <b>Silvia Fern\u00e1ndez Atelier <\/b>y d\u00e9janos crear el vestido de tus sue\u00f1os para que vivas un d\u00eda inolvidable. \u00a1Te esperamos!<\/p>\t\t\t\t\t\t\t\t<\/div>\n\t\t\t\t\t<\/div>\n\t\t<\/div>\n\t\t\t\t\t<\/div>\n\t\t<\/section>\n\t\t\t\t<\/div>\n\t\t","protected":false},"excerpt":{"rendered":"<p>JA\u00c9N Virgen de la Capilla 3 Vestidos de Novia &#8211; Silvia Fern\u00e1ndez Ja\u00e9n, ubicado en Ja\u00e9n, nos dedicamos al dise\u00f1o y confecci\u00f3n de vestidos de novia y vestidos de fiesta que destacan por su elegancia y exclusividad. Cada temporada presentamos colecciones de moda nupcial que combinan la tradici\u00f3n y las tendencias m\u00e1s actuales, ofreciendo a [&hellip;]<\/p>\n","protected":false},"author":229,"featured_media":35585,"parent":0,"menu_order":0,"comment_status":"closed","ping_status":"closed","template":"","meta":{"footnotes":""},"class_list":["post-36152","page","type-page","status-publish","has-post-thumbnail","hentry"],"_links":{"self":[{"href":"https:\/\/silviafernandez.com\/en\/wp-json\/wp\/v2\/pages\/36152","targetHints":{"allow":["GET"]}}],"collection":[{"href":"https:\/\/silviafernandez.com\/en\/wp-json\/wp\/v2\/pages"}],"about":[{"href":"https:\/\/silviafernandez.com\/en\/wp-json\/wp\/v2\/types\/page"}],"author":[{"embeddable":true,"href":"https:\/\/silviafernandez.com\/en\/wp-json\/wp\/v2\/users\/229"}],"replies":[{"embeddable":true,"href":"https:\/\/silviafernandez.com\/en\/wp-json\/wp\/v2\/comments?post=36152"}],"version-history":[{"count":4,"href":"https:\/\/silviafernandez.com\/en\/wp-json\/wp\/v2\/pages\/36152\/revisions"}],"predecessor-version":[{"id":40530,"href":"https:\/\/silviafernandez.com\/en\/wp-json\/wp\/v2\/pages\/36152\/revisions\/40530"}],"wp:featuredmedia":[{"embeddable":true,"href":"https:\/\/silviafernandez.com\/en\/wp-json\/wp\/v2\/media\/35585"}],"wp:attachment":[{"href":"https:\/\/silviafernandez.com\/en\/wp-json\/wp\/v2\/media?parent=36152"}],"curies":[{"name":"wp","href":"https:\/\/api.w.org\/{rel}","templated":true}]}}